{"id":150,"date":"2016-09-27T14:57:12","date_gmt":"2016-09-27T14:57:12","guid":{"rendered":"https:\/\/leamber.com\/?page_id=150"},"modified":"2023-09-28T19:09:32","modified_gmt":"2023-09-28T19:09:32","slug":"investicijos","status":"publish","type":"page","link":"https:\/\/leamber.eu\/lt\/investicijos\/","title":{"rendered":"Investicijos"},"content":{"rendered":"<p><strong>\u201eLe&#8217;amber Consortium\u201c ma\u017emeninis tinklas<\/strong><\/p>\n<p>Asociacija \u201eLe&#8217;amber Consortium&#8221;, burianti gintaro verslo atstovus i\u0161 Kinijos, Honkongo ir Europos, ple\u010dia savo veikl\u0105.<\/p>\n<p>2016 met\u0173 gegu\u017e\u0117s m\u0117nes\u012f vyko Asociacijos direktori\u0173 tarybos nari\u0173 pos\u0117dis, kurio metu nuspr\u0119sta leisti Asociacijos nariams i\u0161vystyti nauj\u0105 ma\u017emenin\u0117s prekybos tinkl\u0105 naudojant \u201eLe&#8217;amber Consortium&#8221; vard\u0105.<\/p>\n<p>Per 2016-2017 metus planuojama atidaryti tris \u201eLe&#8217;amber Consortium&#8221; parduotuves &#8211; dvi Kinijoje ir vien\u0105 Europoje. Pirmoji parduotuv\u0117 bus atidaryta jau \u0161i\u0173 met\u0173 gruod\u017eio m\u0117nes\u012f Sendzeno mieste (Kinija).<\/p>\n<p>Tokia ma\u017emeninio tinklo pl\u0117tra i\u0161 esm\u0117s atitinka Asociacijos \u201eLe&#8217;amber Consortium&#8221; tikslus, kuri\u0173 pagrindinis &#8211; suvienyti did\u017eiausius pasaulio gintaro gavybos, gamybos ir prekybos atstovus bei sudaryti jiems kuo palankesnes s\u0105lygas vystyti ir pl\u0117toti versl\u0105.<\/p>\n<!-- Final Tiles Grid Gallery for WordPress v3.5.8 free --><style>#ftg-55 .tile .icon { color:#ffffff; }#ftg-55 .ftg-items .loading-bar i { background:#fff; }#ftg-55 .ftg-items .loading-bar { background:#fff; }#ftg-55 .tile .icon { font-size:12px; }#ftg-55 .tile .icon { margin: -6px 0 0 -6px; }#ftg-55 .tile .caption-block .text-wrapper span.text { font-size:12px; }#ftg-55 .tile .caption-outside .text-wrapper span.text { font-size:12px; }#ftg-55 .tile .caption-block .text-wrapper span.title { font-size:14px; }#ftg-55 .tile .caption-outside .text-wrapper span.title { font-size:14px; }#ftg-55 .tile { background-color: transparent; }#ftg-55 .tile .caption-block .text-wrapper span.text { color: #ffffff; }#ftg-55 .tile .caption-block .text-wrapper span.title { color: #ffffff; }#ftg-55 .tile .caption-outside .text-wrapper span.text { color: #ffffff; }#ftg-55 .tile .caption-outside .text-wrapper span.title { color: #ffffff; }#ftg-55 .tile .ftg-social a { color: #ffffff; }#ftg-55 .tile .caption-block { transition-timing-function:linear; }#ftg-55 .tile .caption-block { transition-duration:0.25s; }#ftg-55 .tile .tile-inner:before { background-color: #000000; }#ftg-55 .tile .tile-inner:before { background-color: rgba(0, 0, 0, 0.8); }#ftg-55 .tile:hover img {-moz-transform: ;-webkit-transform: ;-o-transform: ;-ms-transform: ;transform: ;}<\/style><a name='5'><\/a><div class='final-tiles-gallery  ftg-hover-enabled caption-inside  caption-none caption-middle caption-center' id='ftg-55' style='width:100%'><div class='ftg-items'><div class='loading-bar'><i><\/i><\/div><div  class='tile ftg-preload  '><a title=\"\" data-lightbox='ftg-55' rel='ftg-55'  class=' tile-inner  ftg-lightbox' href='https:\/\/leamber.eu\/wp-content\/uploads\/2016\/10\/IMG_4673-2.jpg' ><img alt='' class='item skip-lazy' data-class='item' data-ftg-source='https:\/\/leamber.com\/wp-content\/uploads\/2016\/10\/IMG_4673-2-150x150.jpg' src='https:\/\/leamber.com\/wp-content\/uploads\/2016\/10\/IMG_4673-2-150x150.jpg' width='800' height='457' \/><\/a><div class='ftg-social'><\/div><\/div><div  class='tile ftg-preload  '><a title=\"\" data-lightbox='ftg-55' rel='ftg-55'  class=' tile-inner  ftg-lightbox' href='https:\/\/leamber.eu\/wp-content\/uploads\/2016\/10\/IMG_4674-2.jpg' ><img alt='' class='item skip-lazy' data-class='item' data-ftg-source='https:\/\/leamber.com\/wp-content\/uploads\/2016\/10\/IMG_4674-2-150x150.jpg' src='https:\/\/leamber.com\/wp-content\/uploads\/2016\/10\/IMG_4674-2-150x150.jpg' width='800' height='457' \/><\/a><div class='ftg-social'><\/div><\/div><div  class='tile ftg-preload  '><a title=\"\" data-lightbox='ftg-55' rel='ftg-55'  class=' tile-inner  ftg-lightbox' href='https:\/\/leamber.eu\/wp-content\/uploads\/2016\/10\/IMG_4675-2.jpg' ><img alt='' class='item skip-lazy' data-class='item' data-ftg-source='https:\/\/leamber.com\/wp-content\/uploads\/2016\/10\/IMG_4675-2-150x150.jpg' src='https:\/\/leamber.com\/wp-content\/uploads\/2016\/10\/IMG_4675-2-150x150.jpg' width='800' height='457' \/><\/a><div class='ftg-social'><\/div><\/div><div  class='tile ftg-preload  '><a title=\"\" data-lightbox='ftg-55' rel='ftg-55'  class=' tile-inner  ftg-lightbox' href='https:\/\/leamber.eu\/wp-content\/uploads\/2016\/10\/IMG_4676-2.jpg' ><img alt='' class='item skip-lazy' data-class='item' data-ftg-source='https:\/\/leamber.com\/wp-content\/uploads\/2016\/10\/IMG_4676-2-150x150.jpg' src='https:\/\/leamber.com\/wp-content\/uploads\/2016\/10\/IMG_4676-2-150x150.jpg' width='800' height='457' \/><\/a><div class='ftg-social'><\/div><\/div><div  class='tile ftg-preload  '><a title=\"\" data-lightbox='ftg-55' rel='ftg-55'  class=' tile-inner  ftg-lightbox' href='https:\/\/leamber.eu\/wp-content\/uploads\/2016\/10\/IMG_4668-2.jpg' ><img alt='' class='item skip-lazy' data-class='item' data-ftg-source='https:\/\/leamber.com\/wp-content\/uploads\/2016\/10\/IMG_4668-2-150x150.jpg' src='https:\/\/leamber.com\/wp-content\/uploads\/2016\/10\/IMG_4668-2-150x150.jpg' width='800' height='457' \/><\/a><div class='ftg-social'><\/div><\/div><div  class='tile ftg-preload  '><a title=\"\" data-lightbox='ftg-55' rel='ftg-55'  class=' tile-inner  ftg-lightbox' href='https:\/\/leamber.eu\/wp-content\/uploads\/2016\/10\/IMG_4669-2.jpg' ><img alt='' class='item skip-lazy' data-class='item' data-ftg-source='https:\/\/leamber.com\/wp-content\/uploads\/2016\/10\/IMG_4669-2-150x150.jpg' src='https:\/\/leamber.com\/wp-content\/uploads\/2016\/10\/IMG_4669-2-150x150.jpg' width='800' height='457' \/><\/a><div class='ftg-social'><\/div><\/div><div  class='tile ftg-preload  '><a title=\"\" data-lightbox='ftg-55' rel='ftg-55'  class=' tile-inner  ftg-lightbox' href='https:\/\/leamber.eu\/wp-content\/uploads\/2016\/10\/IMG_4670-3.jpg' ><img alt='' class='item skip-lazy' data-class='item' data-ftg-source='https:\/\/leamber.com\/wp-content\/uploads\/2016\/10\/IMG_4670-3-150x150.jpg' src='https:\/\/leamber.com\/wp-content\/uploads\/2016\/10\/IMG_4670-3-150x150.jpg' width='800' height='457' \/><\/a><div class='ftg-social'><\/div><\/div><div  class='tile ftg-preload  '><a title=\"\" data-lightbox='ftg-55' rel='ftg-55'  class=' tile-inner  ftg-lightbox' href='https:\/\/leamber.eu\/wp-content\/uploads\/2016\/10\/IMG_4671-2.jpg' ><img alt='' class='item skip-lazy' data-class='item' data-ftg-source='https:\/\/leamber.com\/wp-content\/uploads\/2016\/10\/IMG_4671-2-150x150.jpg' src='https:\/\/leamber.com\/wp-content\/uploads\/2016\/10\/IMG_4671-2-150x150.jpg' width='800' height='457' \/><\/a><div class='ftg-social'><\/div><\/div><div  class='tile ftg-preload  '><a title=\"\" data-lightbox='ftg-55' rel='ftg-55'  class=' tile-inner  ftg-lightbox' href='https:\/\/leamber.eu\/wp-content\/uploads\/2016\/10\/IMG_4672-2.jpg' ><img alt='' class='item skip-lazy' data-class='item' data-ftg-source='https:\/\/leamber.com\/wp-content\/uploads\/2016\/10\/IMG_4672-2-150x150.jpg' src='https:\/\/leamber.com\/wp-content\/uploads\/2016\/10\/IMG_4672-2-150x150.jpg' width='800' height='457' \/><\/a><div class='ftg-social'><\/div><\/div><\/div><\/div><script type='text\/javascript'>jQuery('#ftg-55 img.item').removeAttr('src');jQuery(document).ready(function () {setTimeout(function () {jQuery('#ftg-55').finalTilesGallery({minTileWidth: 100,margin: 10,loadMethod: 'sequential',nonce: 'b6776d92b2',galleryId: '5',setupFilters: true,layout: 'final',debug: false,gridSize: 25,disableGridSizeBelow:800,allowEnlargement: true,imageSizeFactor: [ [4000, 0.9],[1024, 0.8],[768, 0.7],[640, 0.6],[320, 0.5]],selectedFilter: 'n-a'});jQuery(function () {(function () {var rel = '';jQuery('#ftg-55 .ftg-lightbox').click(function (e) {rel = jQuery(this).attr('rel');jQuery('#ftg-55 .ftg-current').removeClass('ftg-current');jQuery('#ftg-55 [rel=\"'+rel+'\"]').addClass('ftg-current');});})();});}, 0);});<\/script>\n","protected":false},"excerpt":{"rendered":"<p>\u201eLe&#8217;amber Consortium\u201c ma\u017emeninis tinklas Asociacija \u201eLe&#8217;amber Consortium&#8221;, burianti gintaro verslo atstovus i\u0161 Kinijos, Honkongo ir Europos, ple\u010dia savo veikl\u0105. 2016 met\u0173 gegu\u017e\u0117s m\u0117nes\u012f vyko Asociacijos direktori\u0173 tarybos nari\u0173 pos\u0117dis, kurio metu nuspr\u0119sta leisti Asociacijos nariams i\u0161vystyti nauj\u0105 ma\u017emenin\u0117s prekybos tinkl\u0105 naudojant \u201eLe&#8217;amber Consortium&#8221; vard\u0105. Per 2016-2017 metus planuojama atidaryti tris \u201eLe&#8217;amber Consortium&#8221; parduotuves &#8211; dvi <a href=\"https:\/\/leamber.eu\/lt\/investicijos\/\" class=\"more-link\"><\/a><\/p>\n","protected":false},"author":1,"featured_media":0,"parent":0,"menu_order":0,"comment_status":"closed","ping_status":"closed","template":"","meta":{"footnotes":""},"class_list":["post-150","page","type-page","status-publish","hentry"],"translation":{"provider":"WPGlobus","version":"2.12.2","language":"lt","enabled_languages":["en","lt","ru","zh"],"languages":{"en":{"title":true,"content":true,"excerpt":false},"lt":{"title":true,"content":true,"excerpt":false},"ru":{"title":true,"content":true,"excerpt":false},"zh":{"title":true,"content":true,"excerpt":false}}},"_links":{"self":[{"href":"https:\/\/leamber.eu\/lt\/wp-json\/wp\/v2\/pages\/150","targetHints":{"allow":["GET"]}}],"collection":[{"href":"https:\/\/leamber.eu\/lt\/wp-json\/wp\/v2\/pages"}],"about":[{"href":"https:\/\/leamber.eu\/lt\/wp-json\/wp\/v2\/types\/page"}],"author":[{"embeddable":true,"href":"https:\/\/leamber.eu\/lt\/wp-json\/wp\/v2\/users\/1"}],"replies":[{"embeddable":true,"href":"https:\/\/leamber.eu\/lt\/wp-json\/wp\/v2\/comments?post=150"}],"version-history":[{"count":13,"href":"https:\/\/leamber.eu\/lt\/wp-json\/wp\/v2\/pages\/150\/revisions"}],"predecessor-version":[{"id":883,"href":"https:\/\/leamber.eu\/lt\/wp-json\/wp\/v2\/pages\/150\/revisions\/883"}],"wp:attachment":[{"href":"https:\/\/leamber.eu\/lt\/wp-json\/wp\/v2\/media?parent=150"}],"curies":[{"name":"wp","href":"https:\/\/api.w.org\/{rel}","templated":true}]}}