{"id":2,"date":"2016-07-11T19:48:19","date_gmt":"2016-07-11T19:48:19","guid":{"rendered":"http:\/\/www.lemaber.prode.lt\/?page_id=2"},"modified":"2023-09-29T08:56:23","modified_gmt":"2023-09-29T08:56:23","slug":"apie-mus","status":"publish","type":"page","link":"https:\/\/leamber.eu\/lt\/apie-mus\/","title":{"rendered":"Apie mus"},"content":{"rendered":"<p>Asociacija \u201eLe\u2019amber consortium\u201c \u012fsteigta 2016 metais. Tai pirmoji asociacija pasaulyje, vienijanti did\u017eiausias gintaro gamini\u0173 gamybos \u012fmones, gintaro \u017ealiavos pardavimo ir platinimo kompanijas. Vienas i\u0161 m\u016bs\u0173 tiksl\u0173 yra kurti palanki\u0105 aplink\u0105 verslui, pritraukti investicijas, skatinti prekyb\u0105 tarptautin\u0117je rinkoje. Jau\u010diame atsakomyb\u0119 prie\u0161 visus savo narius ir partnerius, tod\u0117l siekiame u\u017etikrinti laisv\u0105 ir s\u0105\u017eining\u0105 konkurencij\u0105. Mes i\u0161manome rink\u0105, \u017einome asociacijos nari\u0173 poreikius ir si\u016blome jiems naudingus sprendimus, kurie yra paremti geriausi\u0173 rinkos ekspert\u0173 si\u016blymais.<\/p>\n<p>&nbsp;<\/p>\n<h4>Gamyba, apdirbimas<\/h4>\n<p>Asociacijos \u201eLe\u2019amber consortium\u201c nariai yra profesional\u016bs, dideles dizaino studijas turintys papuo\u0161al\u0173 k\u016br\u0117jai. Nari\u0173 \u012fmon\u0117se dirba apie 3\u00a0000 juvelyr\u0173.<\/p>\n<p>\u0160iai asociacijai priklausan\u010di\u0173 \u012fmoni\u0173 juvelyrai \u2013 patyr\u0119 gintaro apdirbimo profesionalai, darb\u0105 atliekantys maksimaliai kruop\u0161\u010diai, atid\u017eiai ir tiksliai.<\/p>\n<p>Asociacija \u201eLe\u2019amber consortium\u201c s\u0117kmingai derina naujausias gintaro apdirbimo technologijas su tradicijomis, kas u\u017etikrina auk\u0161tos kokyb\u0117s ir nauj\u0173 dizain\u0173 k\u016brim\u0105 ir gamyb\u0105. Dizaineri\u0173 nuolat pateikiami nauji papuo\u0161al\u0173 modeliai sukurti atsi\u017evelgiant \u012f besikei\u010dian\u010dias madas, kad atitikt\u0173 pirk\u0117j\u0173 norus ir l\u016bkes\u010dius.<\/p>\n<p>&nbsp;<\/p>\n<h4>Stamb\u016bs prekybos atstovai, greita vadyba<\/h4>\n<p>Asociacijos \u201eLe\u2019amber consortium\u201c didmenin\u0117s ir ma\u017emenin\u0117s prekybos \u012fmon\u0117s, bendradarbiaudamos tarpusavyje, gali greitai \u012fgyvendinti savo klient\u0173 u\u017esakymus visame pasaulyje.<\/p>\n<p>&nbsp;<\/p>\n<h4>Dideli sandoriai, nauji kontaktai<\/h4>\n<p>Asociacija \u201eLe\u2019amber consortium\u201c vienija ir bendradarbiauja su visomis did\u017eiausiomis gintaro pramon\u0117je dirban\u010diomis kompanijomis, o tai leid\u017eia u\u017emegzti patikimus ry\u0161ius \u0161iame versle, b\u016bti u\u017etikrintam \u012fgyvendinant didelius sandorius. M\u016bs\u0173 prioritetas \u2013 gintaro verslo vystymas ir populiarinimas.<\/p>\n<p>&nbsp;<\/p>\n<h4>Didel\u0117s verslo vystymosi perspektyvos<\/h4>\n<p>Bendradarbiavimas su asociacijos \u201eLe\u2019amber consortium\u201c nariais atveria dideles verslo pl\u0117tros perspektyvas, nes, turint patikimus parnerius, verslo s\u0117km\u0117 yra garantuota.<\/p>\n<p>&nbsp;<\/p>\n","protected":false},"excerpt":{"rendered":"<p>Asociacija \u201eLe\u2019amber consortium\u201c \u012fsteigta 2016 metais. Tai pirmoji asociacija pasaulyje, vienijanti did\u017eiausias gintaro gamini\u0173 gamybos \u012fmones, gintaro \u017ealiavos pardavimo ir platinimo kompanijas. Vienas i\u0161 m\u016bs\u0173 tiksl\u0173 yra kurti palanki\u0105 aplink\u0105 verslui, pritraukti investicijas, skatinti prekyb\u0105 tarptautin\u0117je rinkoje. Jau\u010diame atsakomyb\u0119 prie\u0161 visus savo narius ir partnerius, tod\u0117l siekiame u\u017etikrinti laisv\u0105 ir s\u0105\u017eining\u0105 konkurencij\u0105. Mes i\u0161manome rink\u0105, <a href=\"https:\/\/leamber.eu\/lt\/apie-mus\/\" class=\"more-link\"><\/a><\/p>\n","protected":false},"author":1,"featured_media":0,"parent":0,"menu_order":0,"comment_status":"closed","ping_status":"closed","template":"","meta":{"footnotes":""},"class_list":["post-2","page","type-page","status-publish","hentry"],"translation":{"provider":"WPGlobus","version":"2.12.2","language":"lt","enabled_languages":["en","lt","ru","zh"],"languages":{"en":{"title":true,"content":true,"excerpt":false},"lt":{"title":true,"content":true,"excerpt":false},"ru":{"title":true,"content":true,"excerpt":false},"zh":{"title":true,"content":true,"excerpt":false}}},"_links":{"self":[{"href":"https:\/\/leamber.eu\/lt\/wp-json\/wp\/v2\/pages\/2","targetHints":{"allow":["GET"]}}],"collection":[{"href":"https:\/\/leamber.eu\/lt\/wp-json\/wp\/v2\/pages"}],"about":[{"href":"https:\/\/leamber.eu\/lt\/wp-json\/wp\/v2\/types\/page"}],"author":[{"embeddable":true,"href":"https:\/\/leamber.eu\/lt\/wp-json\/wp\/v2\/users\/1"}],"replies":[{"embeddable":true,"href":"https:\/\/leamber.eu\/lt\/wp-json\/wp\/v2\/comments?post=2"}],"version-history":[{"count":12,"href":"https:\/\/leamber.eu\/lt\/wp-json\/wp\/v2\/pages\/2\/revisions"}],"predecessor-version":[{"id":895,"href":"https:\/\/leamber.eu\/lt\/wp-json\/wp\/v2\/pages\/2\/revisions\/895"}],"wp:attachment":[{"href":"https:\/\/leamber.eu\/lt\/wp-json\/wp\/v2\/media?parent=2"}],"curies":[{"name":"wp","href":"https:\/\/api.w.org\/{rel}","templated":true}]}}