{"id":57,"date":"2016-07-12T16:14:16","date_gmt":"2016-07-12T16:14:16","guid":{"rendered":"http:\/\/www.lemaber.prode.lt\/?page_id=57"},"modified":"2017-07-05T13:15:21","modified_gmt":"2017-07-05T13:15:21","slug":"tiklai","status":"publish","type":"page","link":"https:\/\/leamber.eu\/lt\/apie-mus\/tiklai\/","title":{"rendered":"Tikslai"},"content":{"rendered":"<p>Asociacija pagrindis tikslas &#8211; sudaryti jos nariams kuo palankesnes s\u0105lygas savaranki\u0161kai vystyti ir pl\u0117toti gintaro gavyb\u0105, gamyb\u0105 bei prekyb\u0105.<\/p>\n<p>Pagrindiniai asociacijos u\u017edaviniai:<\/p>\n<ul>\n<li>siekti gintaro gavybos, gamybos bei prekybos verslo s\u0105lyg\u0173 ir asociacijos nari\u0173 veiklos efektyvumo gerinimo<\/li>\n<li>teikti asociacijos nariams pagalb\u0105 ir kitas paslaugas, vykdant gintaro gavyb\u0105, gamyb\u0105 bei prekyb\u0105<\/li>\n<li>r\u016bpintis asociacijos ir jos nari\u0173 rinkodara, nauj\u0173 rink\u0173 paie\u0161ka<\/li>\n<li>atstovauti asociacijos narius santykiuose su valstybin\u0117s vald\u017eios institucijomis, tarptautin\u0117mis ir kitomis organizacijomis bei asmenimis.<\/li>\n<\/ul>\n","protected":false},"excerpt":{"rendered":"<p>Asociacija pagrindis tikslas &#8211; sudaryti jos nariams kuo palankesnes s\u0105lygas savaranki\u0161kai vystyti ir pl\u0117toti gintaro gavyb\u0105, gamyb\u0105 bei prekyb\u0105. Pagrindiniai asociacijos u\u017edaviniai: siekti gintaro gavybos, gamybos bei prekybos verslo s\u0105lyg\u0173 ir asociacijos nari\u0173 veiklos efektyvumo gerinimo teikti asociacijos nariams pagalb\u0105 ir kitas paslaugas, vykdant gintaro gavyb\u0105, gamyb\u0105 bei prekyb\u0105 r\u016bpintis asociacijos ir jos nari\u0173 rinkodara, <a href=\"https:\/\/leamber.eu\/lt\/apie-mus\/tiklai\/\" class=\"more-link\"><\/a><\/p>\n","protected":false},"author":1,"featured_media":0,"parent":2,"menu_order":20,"comment_status":"closed","ping_status":"closed","template":"","meta":{"footnotes":""},"class_list":["post-57","page","type-page","status-publish","hentry"],"translation":{"provider":"WPGlobus","version":"2.12.2","language":"lt","enabled_languages":["en","lt","ru","zh"],"languages":{"en":{"title":true,"content":true,"excerpt":false},"lt":{"title":true,"content":true,"excerpt":false},"ru":{"title":true,"content":true,"excerpt":false},"zh":{"title":true,"content":true,"excerpt":false}}},"_links":{"self":[{"href":"https:\/\/leamber.eu\/lt\/wp-json\/wp\/v2\/pages\/57","targetHints":{"allow":["GET"]}}],"collection":[{"href":"https:\/\/leamber.eu\/lt\/wp-json\/wp\/v2\/pages"}],"about":[{"href":"https:\/\/leamber.eu\/lt\/wp-json\/wp\/v2\/types\/page"}],"author":[{"embeddable":true,"href":"https:\/\/leamber.eu\/lt\/wp-json\/wp\/v2\/users\/1"}],"replies":[{"embeddable":true,"href":"https:\/\/leamber.eu\/lt\/wp-json\/wp\/v2\/comments?post=57"}],"version-history":[{"count":7,"href":"https:\/\/leamber.eu\/lt\/wp-json\/wp\/v2\/pages\/57\/revisions"}],"predecessor-version":[{"id":897,"href":"https:\/\/leamber.eu\/lt\/wp-json\/wp\/v2\/pages\/57\/revisions\/897"}],"up":[{"embeddable":true,"href":"https:\/\/leamber.eu\/lt\/wp-json\/wp\/v2\/pages\/2"}],"wp:attachment":[{"href":"https:\/\/leamber.eu\/lt\/wp-json\/wp\/v2\/media?parent=57"}],"curies":[{"name":"wp","href":"https:\/\/api.w.org\/{rel}","templated":true}]}}