{"id":62,"date":"2016-07-12T16:17:09","date_gmt":"2016-07-12T16:17:09","guid":{"rendered":"http:\/\/www.lemaber.prode.lt\/?page_id=62"},"modified":"2023-09-29T11:06:13","modified_gmt":"2023-09-29T11:06:13","slug":"istatai","status":"publish","type":"page","link":"https:\/\/leamber.eu\/lt\/apie-mus\/istatai\/","title":{"rendered":"Planai"},"content":{"rendered":"<p>\u201eLe\u2019amber Consortium\u201c asociacija vienija visame pasaulyje veikian\u010dias \u012fmones, u\u017esiiman\u010dias gintaro gavyba, gamyba, bei\/ar prekyba ir\/ar teikian\u010dias su \u0161iuo verslu susijusias paslaugas ir joms atstovauja, siekdama bendr\u0173 tiksl\u0173 \u012fgyvendinimo ir tarpusavio bendradarbiavimo.<\/p>\n<p>Asociacija \u012fsteigta 2016 metais siekiant sudaryti jos nariams kuo palankesnes s\u0105lygas savaranki\u0161kai vystyti ir pl\u0117toti gintaro gavyb\u0105, gamyb\u0105 bei prekyb\u0105.<\/p>\n<p>Pagrindiniai asociacijos u\u017edaviniai:<\/p>\n<ul>\n<li>siekti gintaro gavybos, gamybos bei prekybos verslo s\u0105lyg\u0173 ir asociacijos nari\u0173 veiklos efektyvumo gerinimo,<\/li>\n<li>teikti asociacijos nariams pagalb\u0105 ir kitas paslaugas, vykdant gintaro gavyb\u0105, gamyb\u0105 bei prekyb\u0105,<\/li>\n<li>r\u016bpintis asociacijos ir jos nari\u0173 rinkodara, nauj\u0173 rink\u0173 paie\u0161ka,<\/li>\n<li>atstovauti asociacijos narius santykiuose su valstybin\u0117s vald\u017eios institucijomis, tarptautin\u0117mis ir kitomis organizacijomis bei asmenimis.<\/li>\n<\/ul>\n<p>Savo tikslams ir u\u017edaviniams \u012fgyvendinti asociacija vykdo \u0161ias funkcijas:<\/p>\n<ul>\n<li>atstovauja ir gina savo nari\u0173 teises ir teis\u0117tus interesus santykiuose su valstybin\u0117s vald\u017eios ir valdymo organais, savivaldyb\u0117mis bei tarptautin\u0117mis organizacijomis visais su gintaro gavyba, gamyba bei prekyba susijusiais klausimais;<\/li>\n<li>derina savo nari\u0173 veikl\u0105, formuojant bendr\u0105 j\u0173 vystymosi ir tarptautinio ekonominio bendradarbiavimo strategij\u0105;<\/li>\n<li>atstovauja savo nariams parodose, konferencijose ir kituose renginiuose, kurie yra susij\u0119 su asociacijos veikla<\/li>\n<\/ul>\n<p>Pirm\u0105 kart\u0105 \u201eLe\u2019amber Consortium\u201c pristat\u0117 save 2015 metais Pekine (Kinija) vykstan\u010dioje did\u017eiausioje juvelyrikos parodoje. \u0160iuo metu Asociacija sujungia narius i\u0161 Kinijos, Honkongo ir Lietuvos. Asociacijos Prezidentas Algis Bitautas gintaro versl\u0105 pl\u0117toj\u0105 vir\u0161 30 met\u0173, jis yra asociacijos steigimo iniciatorius.<\/p>\n<p>Asociacijos prezidentas ir Direktori\u0173 tarybos pirmininkas &#8211; Algis Bitautas<br \/>\nAsociacijos generalin\u0117 sekretor\u0117 &#8211; Diana Gigevi\u010di\u016bt\u0117<br \/>\nDirektori\u0173 tarybos nariai &#8211; Qiaojia Ju ir Julija Jastrebova.<\/p>\n<p>Asociacijos steig\u0117jai:<br \/>\nUAB \u201eBeata Amber Holding Company&#8221;, Lietuva<br \/>\nRibotos atsakomyb\u0117s bendrov\u0117 \u201eBeata Amber Hong Kong Limited&#8221;, Honkongas<br \/>\nRibotos atsakomyb\u0117s bendrov\u0117 \u201eDragon Tooth Limited&#8221;, Honkongas<\/p>\n","protected":false},"excerpt":{"rendered":"<p>\u201eLe\u2019amber Consortium\u201c asociacija vienija visame pasaulyje veikian\u010dias \u012fmones, u\u017esiiman\u010dias gintaro gavyba, gamyba, bei\/ar prekyba ir\/ar teikian\u010dias su \u0161iuo verslu susijusias paslaugas ir joms atstovauja, siekdama bendr\u0173 tiksl\u0173 \u012fgyvendinimo ir tarpusavio bendradarbiavimo. Asociacija \u012fsteigta 2016 metais siekiant sudaryti jos nariams kuo palankesnes s\u0105lygas savaranki\u0161kai vystyti ir pl\u0117toti gintaro gavyb\u0105, gamyb\u0105 bei prekyb\u0105. Pagrindiniai asociacijos u\u017edaviniai: siekti <a href=\"https:\/\/leamber.eu\/lt\/apie-mus\/istatai\/\" class=\"more-link\"><\/a><\/p>\n","protected":false},"author":1,"featured_media":0,"parent":2,"menu_order":40,"comment_status":"closed","ping_status":"closed","template":"","meta":{"footnotes":""},"class_list":["post-62","page","type-page","status-publish","hentry"],"translation":{"provider":"WPGlobus","version":"2.12.2","language":"lt","enabled_languages":["en","lt","ru","zh"],"languages":{"en":{"title":true,"content":true,"excerpt":false},"lt":{"title":true,"content":true,"excerpt":false},"ru":{"title":true,"content":true,"excerpt":false},"zh":{"title":true,"content":true,"excerpt":false}}},"_links":{"self":[{"href":"https:\/\/leamber.eu\/lt\/wp-json\/wp\/v2\/pages\/62","targetHints":{"allow":["GET"]}}],"collection":[{"href":"https:\/\/leamber.eu\/lt\/wp-json\/wp\/v2\/pages"}],"about":[{"href":"https:\/\/leamber.eu\/lt\/wp-json\/wp\/v2\/types\/page"}],"author":[{"embeddable":true,"href":"https:\/\/leamber.eu\/lt\/wp-json\/wp\/v2\/users\/1"}],"replies":[{"embeddable":true,"href":"https:\/\/leamber.eu\/lt\/wp-json\/wp\/v2\/comments?post=62"}],"version-history":[{"count":15,"href":"https:\/\/leamber.eu\/lt\/wp-json\/wp\/v2\/pages\/62\/revisions"}],"predecessor-version":[{"id":898,"href":"https:\/\/leamber.eu\/lt\/wp-json\/wp\/v2\/pages\/62\/revisions\/898"}],"up":[{"embeddable":true,"href":"https:\/\/leamber.eu\/lt\/wp-json\/wp\/v2\/pages\/2"}],"wp:attachment":[{"href":"https:\/\/leamber.eu\/lt\/wp-json\/wp\/v2\/media?parent=62"}],"curies":[{"name":"wp","href":"https:\/\/api.w.org\/{rel}","templated":true}]}}