{"id":62,"date":"2016-07-12T16:17:09","date_gmt":"2016-07-12T16:17:09","guid":{"rendered":"http:\/\/www.lemaber.prode.lt\/?page_id=62"},"modified":"2023-09-29T11:06:13","modified_gmt":"2023-09-29T11:06:13","slug":"istatai","status":"publish","type":"page","link":"https:\/\/leamber.eu\/zh\/apie-mus\/istatai\/","title":{"rendered":"\u8ba1\u5212"},"content":{"rendered":"<p>Le&#8217;amber\u8054\u5408\u4f01\u4e1a\u534f\u4f1a\u8054\u5408\u5728\u4e16\u754c\u5404\u5730\u7ecf\u8425\u7425\u73c0\u63d0\u53d6\uff0c\u7425\u73c0\u751f\u4ea7\u548c\/\u6216\u8d38\u6613\u548c\/\u6216\u63d0\u4f9b\u76f8\u5173\u5546\u4e1a\u670d\u52a1\u7684\u516c\u53f8\uff0c\u5e76\u4ee3\u8868\u4ed6\u4eec\u4ee5\u5b9e\u73b0\u5171\u540c\u76ee\u6807\u548c\u76f8\u4e92\u5408\u4f5c\u3002<\/p>\n<p>\u8be5\u534f\u4f1a\u6210\u7acb\u4e8e2016\u5e74\uff0c\u4e3a\u5176\u6210\u5458\u72ec\u7acb\u5f00\u53d1\u548c\u6269\u5927\u7425\u73c0\u5f00\u91c7\u3001\u751f\u4ea7\u548c\u8d38\u6613\u521b\u9020\u4e86\u6700\u6709\u5229\u7684\u6761\u4ef6\u3002<br \/>\n\u534f\u4f1a\u7684\u4e3b\u8981\u4efb\u52a1\uff1a<br \/>\n\u6539\u5584\u7425\u73c0\u63d0\u53d6\u53ca\u5176\u751f\u4ea7\u548c\u9500\u552e\u7684\u6761\u4ef6\uff0c\u6539\u5584\u5546\u4e1a\u6761\u4ef6\uff0c\u63d0\u9ad8\u534f\u4f1a\u4f1a\u5458\u7684\u6548\u7387\uff0c\u4e3a\u534f\u4f1a\u4f1a\u5458\u5728\u7425\u73c0\u7684\u63d0\u53d6\u3001\u751f\u4ea7\u548c\u8d38\u6613\u65b9\u9762\u63d0\u4f9b\u534f\u52a9\u548c\u5176\u4ed6\u670d\u52a1\uff0c\u8d1f\u8d23\u534f\u4f1a\u4f1a\u5458\u7684\u8425\u9500\u5de5\u4f5c\uff0c\u5bfb\u627e\u65b0\u7684\u9500\u552e\u5e02\u573a\uff0c\u4ee3\u8868\u534f\u4f1a\u6210\u5458\u4e0e\u653f\u5e9c\u673a\u6784\u3001\u56fd\u9645\u7ec4\u7ec7\u548c\u5176\u4ed6\u7ec4\u7ec7\u4ee5\u53ca\u4e2a\u4eba\u5efa\u7acb\u5173\u7cfb\u3002<br \/>\n\u4e3a\u4e86\u5b9e\u73b0\u5176\u76ee\u6807\u548c\u76ee\u7684\uff0c\u534f\u4f1a\u6267\u884c\u4ee5\u4e0b\u804c\u80fd\uff1a<br \/>\n\u4ee3\u8868\u5e76\u4fdd\u62a4\u5176\u6210\u5458\u5728\u4e0e\u56fd\u5bb6\u5f53\u5c40\u548c\u884c\u653f\u5f53\u5c40\u3001\u5730\u65b9\u653f\u5e9c\u548c\u56fd\u9645\u7ec4\u7ec7\u6709\u5173\u7425\u73c0\u5f00\u91c7\u3001\u751f\u4ea7\u548c\u8d38\u6613\u95ee\u9898\u7684\u6240\u6709\u65b9\u9762\u7684\u6743\u5229\u548c\u5408\u6cd5\u5229\u76ca\uff1b<br \/>\n\u534f\u8c03\u5176\u6210\u5458\u7684\u4e1a\u52a1\uff0c\u4f7f\u6210\u5458\u4eec\u5f62\u6210\u5171\u540c\u53d1\u5c55\u548c\u56fd\u9645\u7ecf\u6d4e\u5408\u4f5c\u6218\u7565\u3002<br \/>\n\u4ee3\u8868\u5176\u6210\u5458\u53c2\u52a0\u4e0e\u534f\u4f1a\u4e1a\u52a1\u6709\u5173\u7684\u5c55\u89c8\u3001\u4f1a\u8bae\u548c\u5176\u4ed6\u6d3b\u52a8<\/p>\n<p>2015\u5e74\uff0cLe&#8217;amber\u8054\u5408\u4f01\u4e1a\u9996\u6b21\u5728\u5317\u4eac\uff08\u4e2d\u56fd\uff09\u4e3e\u884c\u7684\u6700\u5927\u73e0\u5b9d\u5c55\u4e0a\u4eae\u76f8\u3002\u76ee\u524d\uff0c\u8be5\u534f\u4f1a\u8054\u5408\u4e86\u6765\u81ea\u4e2d\u56fd\u3001\u9999\u6e2f\u3001\u548c\u7acb\u9676\u5b9b\u7684\u4f1a\u5458\u3002\u534f\u4f1a\u4e3b\u5e2dAlgis Bitautas\u4ece\u4e8b\u7425\u73c0\u4e1a\u52a1\u5df2\u670930\u591a\u5e74\uff0c\u4ed6\u662f\u8be5\u534f\u4f1a\u521b\u5efa\u7684\u53d1\u8d77\u4eba\u3002<br \/>\n\u534f\u4f1a\u4e3b\u5e2d\u517c\u8463\u4e8b\u4f1a\u4e3b\u5e2d\u2014\u2014Algis Bitautas<br \/>\n\u534f\u4f1a\u79d8\u4e66\u957f\u2014\u2014Diana Gigevi\u010di\u016bt\u0117<br \/>\n\u8463\u4e8b\u4f1a\u6210\u5458\u2014\u2014Qiaojia Ju\u548c Julija Jastrebova\u3002<br \/>\n\u534f\u4f1a\u521b\u59cb\u516c\u53f8\uff1a<br \/>\n\u7acb\u9676\u5b9b\u8d1d\u4e9a\u5854\u7425\u73c0\u63a7\u80a1\u516c\u53f8<br \/>\n\u9999\u6e2f\u8d1d\u4e9a\u5854\u7425\u73c0\u6709\u9650\u8d23\u4efb\u516c\u53f8<br \/>\n\u9999\u6e2f\u9f99\u7259\u6709\u9650\u8d23\u4efb\u516c\u53f8<\/p>\n<p>&nbsp;<\/p>\n<div><\/div>\n","protected":false},"excerpt":{"rendered":"<p>Le&#8217;amber\u8054\u5408\u4f01\u4e1a\u534f\u4f1a\u8054\u5408\u5728\u4e16\u754c\u5404\u5730\u7ecf\u8425\u7425\u73c0\u63d0\u53d6\uff0c\u7425\u73c0\u751f\u4ea7\u548c\/\u6216\u8d38\u6613\u548c\/\u6216\u63d0\u4f9b\u76f8\u5173\u5546\u4e1a\u670d\u52a1\u7684\u516c\u53f8\uff0c\u5e76\u4ee3\u8868\u4ed6\u4eec\u4ee5\u5b9e\u73b0\u5171\u540c\u76ee\u6807\u548c\u76f8\u4e92\u5408\u4f5c\u3002 \u8be5\u534f\u4f1a\u6210\u7acb\u4e8e2016\u5e74\uff0c\u4e3a\u5176\u6210\u5458\u72ec\u7acb\u5f00\u53d1\u548c\u6269\u5927\u7425\u73c0\u5f00\u91c7\u3001\u751f\u4ea7\u548c\u8d38\u6613\u521b\u9020\u4e86\u6700\u6709\u5229\u7684\u6761\u4ef6\u3002 \u534f\u4f1a\u7684\u4e3b\u8981\u4efb\u52a1\uff1a \u6539\u5584\u7425\u73c0\u63d0\u53d6\u53ca\u5176\u751f\u4ea7\u548c\u9500\u552e\u7684\u6761\u4ef6\uff0c\u6539\u5584\u5546\u4e1a\u6761\u4ef6\uff0c\u63d0\u9ad8\u534f\u4f1a\u4f1a\u5458\u7684\u6548\u7387\uff0c\u4e3a\u534f\u4f1a\u4f1a\u5458\u5728\u7425\u73c0\u7684\u63d0\u53d6\u3001\u751f\u4ea7\u548c\u8d38\u6613\u65b9\u9762\u63d0\u4f9b\u534f\u52a9\u548c\u5176\u4ed6\u670d\u52a1\uff0c\u8d1f\u8d23\u534f\u4f1a\u4f1a\u5458\u7684\u8425\u9500\u5de5\u4f5c\uff0c\u5bfb\u627e\u65b0\u7684\u9500\u552e\u5e02\u573a\uff0c\u4ee3\u8868\u534f\u4f1a\u6210\u5458\u4e0e\u653f\u5e9c\u673a\u6784\u3001\u56fd\u9645\u7ec4\u7ec7\u548c\u5176\u4ed6\u7ec4\u7ec7\u4ee5\u53ca\u4e2a\u4eba\u5efa\u7acb\u5173\u7cfb\u3002 \u4e3a\u4e86\u5b9e\u73b0\u5176\u76ee\u6807\u548c\u76ee\u7684\uff0c\u534f\u4f1a\u6267\u884c\u4ee5\u4e0b\u804c\u80fd\uff1a \u4ee3\u8868\u5e76\u4fdd\u62a4\u5176\u6210\u5458\u5728\u4e0e\u56fd\u5bb6\u5f53\u5c40\u548c\u884c\u653f\u5f53\u5c40\u3001\u5730\u65b9\u653f\u5e9c\u548c\u56fd\u9645\u7ec4\u7ec7\u6709\u5173\u7425\u73c0\u5f00\u91c7\u3001\u751f\u4ea7\u548c\u8d38\u6613\u95ee\u9898\u7684\u6240\u6709\u65b9\u9762\u7684\u6743\u5229\u548c\u5408\u6cd5\u5229\u76ca\uff1b \u534f\u8c03\u5176\u6210\u5458\u7684\u4e1a\u52a1\uff0c\u4f7f\u6210\u5458\u4eec\u5f62\u6210\u5171\u540c\u53d1\u5c55\u548c\u56fd\u9645\u7ecf\u6d4e\u5408\u4f5c\u6218\u7565\u3002 \u4ee3\u8868\u5176\u6210\u5458\u53c2\u52a0\u4e0e\u534f\u4f1a\u4e1a\u52a1\u6709\u5173\u7684\u5c55\u89c8\u3001\u4f1a\u8bae\u548c\u5176\u4ed6\u6d3b\u52a8 2015\u5e74\uff0cLe&#8217;amber\u8054\u5408\u4f01\u4e1a\u9996\u6b21\u5728\u5317\u4eac\uff08\u4e2d\u56fd\uff09\u4e3e\u884c\u7684\u6700\u5927\u73e0\u5b9d\u5c55\u4e0a\u4eae\u76f8\u3002\u76ee\u524d\uff0c\u8be5\u534f\u4f1a\u8054\u5408\u4e86\u6765\u81ea\u4e2d\u56fd\u3001\u9999\u6e2f\u3001\u548c\u7acb\u9676\u5b9b\u7684\u4f1a\u5458\u3002\u534f\u4f1a\u4e3b\u5e2dAlgis Bitautas\u4ece\u4e8b\u7425\u73c0\u4e1a\u52a1\u5df2\u670930\u591a\u5e74\uff0c\u4ed6\u662f\u8be5\u534f\u4f1a\u521b\u5efa\u7684\u53d1\u8d77\u4eba\u3002 \u534f\u4f1a\u4e3b\u5e2d\u517c\u8463\u4e8b\u4f1a\u4e3b\u5e2d\u2014\u2014Algis Bitautas \u534f\u4f1a\u79d8\u4e66\u957f\u2014\u2014Diana Gigevi\u010di\u016bt\u0117 \u8463\u4e8b\u4f1a\u6210\u5458\u2014\u2014Qiaojia Ju\u548c Julija Jastrebova\u3002 \u534f\u4f1a\u521b\u59cb\u516c\u53f8\uff1a \u7acb\u9676\u5b9b\u8d1d\u4e9a\u5854\u7425\u73c0\u63a7\u80a1\u516c\u53f8 \u9999\u6e2f\u8d1d\u4e9a\u5854\u7425\u73c0\u6709\u9650\u8d23\u4efb\u516c\u53f8 \u9999\u6e2f\u9f99\u7259\u6709\u9650\u8d23\u4efb\u516c\u53f8 &nbsp;<\/p>\n","protected":false},"author":1,"featured_media":0,"parent":2,"menu_order":40,"comment_status":"closed","ping_status":"closed","template":"","meta":{"footnotes":""},"class_list":["post-62","page","type-page","status-publish","hentry"],"translation":{"provider":"WPGlobus","version":"2.12.2","language":"zh","enabled_languages":["en","lt","ru","zh"],"languages":{"en":{"title":true,"content":true,"excerpt":false},"lt":{"title":true,"content":true,"excerpt":false},"ru":{"title":true,"content":true,"excerpt":false},"zh":{"title":true,"content":true,"excerpt":false}}},"_links":{"self":[{"href":"https:\/\/leamber.eu\/zh\/wp-json\/wp\/v2\/pages\/62","targetHints":{"allow":["GET"]}}],"collection":[{"href":"https:\/\/leamber.eu\/zh\/wp-json\/wp\/v2\/pages"}],"about":[{"href":"https:\/\/leamber.eu\/zh\/wp-json\/wp\/v2\/types\/page"}],"author":[{"embeddable":true,"href":"https:\/\/leamber.eu\/zh\/wp-json\/wp\/v2\/users\/1"}],"replies":[{"embeddable":true,"href":"https:\/\/leamber.eu\/zh\/wp-json\/wp\/v2\/comments?post=62"}],"version-history":[{"count":15,"href":"https:\/\/leamber.eu\/zh\/wp-json\/wp\/v2\/pages\/62\/revisions"}],"predecessor-version":[{"id":898,"href":"https:\/\/leamber.eu\/zh\/wp-json\/wp\/v2\/pages\/62\/revisions\/898"}],"up":[{"embeddable":true,"href":"https:\/\/leamber.eu\/zh\/wp-json\/wp\/v2\/pages\/2"}],"wp:attachment":[{"href":"https:\/\/leamber.eu\/zh\/wp-json\/wp\/v2\/media?parent=62"}],"curies":[{"name":"wp","href":"https:\/\/api.w.org\/{rel}","templated":true}]}}