{"id":68,"date":"2016-07-12T16:56:53","date_gmt":"2016-07-12T16:56:53","guid":{"rendered":"http:\/\/www.lemaber.prode.lt\/?page_id=68"},"modified":"2025-02-25T10:50:37","modified_gmt":"2025-02-25T08:50:37","slug":"naujienos","status":"publish","type":"page","link":"https:\/\/leamber.eu\/zh\/","title":{"rendered":"Home"},"content":{"rendered":"<div id=\"pl-68\"  class=\"panel-layout\" ><div id=\"pg-68-0\"  class=\"panel-grid panel-has-style\" ><div class=\"siteorigin-panels-stretch panel-row-style-full-stretched panel-row-style panel-row-style-for-68-0\" data-stretch-type=\"full-stretched\" ><div id=\"pgc-68-0-0\"  class=\"panel-grid-cell\" ><div id=\"panel-68-0-0-0\" class=\"so-panel widget widget_sow-hero panel-first-child panel-last-child\" data-index=\"0\" ><div\n\t\t\t\n\t\t\tclass=\"so-widget-sow-hero so-widget-sow-hero-default-5a55fb36b057-68 so-widget-fittext-wrapper\"\n\t\t\t data-fit-text-compressor=\"0.85\"\n\t\t>\t\t\t\t<div class=\"sow-slider-base\" style=\"display: none\">\n\t\t\t\t\t<ul\n\t\t\t\t\tclass=\"sow-slider-images\"\n\t\t\t\t\tdata-settings=\"{&quot;pagination&quot;:true,&quot;speed&quot;:800,&quot;timeout&quot;:8000,&quot;paused&quot;:false,&quot;pause_on_hover&quot;:false,&quot;swipe&quot;:true,&quot;nav_always_show_desktop&quot;:&quot;&quot;,&quot;nav_always_show_mobile&quot;:&quot;&quot;,&quot;breakpoint&quot;:&quot;780px&quot;,&quot;unmute&quot;:false,&quot;anchor&quot;:null}\"\n\t\t\t\t\tstyle=\"min-height: 700px\"\t\t\t\t\tdata-anchor-id=\"\"\n\t\t\t\t>\t\t<li class=\"sow-slider-image  sow-slider-image-cover\" style=\"visibility: visible;;background-color: #333333;background-image: url(https:\/\/leamber.eu\/wp-content\/uploads\/2016\/07\/leamber-bigbg.jpg)\" >\n\t\t\t\t\t<div class=\"sow-slider-image-container\">\n\t\t\t<div class=\"sow-slider-image-wrapper\">\n\t\t\t\t<div class=\"hero-banner-text-container\">\n\t\t<h2 class=\"hero-banner-title\">Le'Amber Consortium<\/h2>\n<p class=\"hero-banner-text\"><a href=\"#latest-news\"><i class=\"fa fa-angle-double-down\"><\/i><\/a><\/p>\n\t\t\n<\/div>\t\t\t<\/div>\n\t\t<\/div>\n\t\t\t\t<\/li>\n\t\t\t\t<li class=\"sow-slider-image  sow-slider-image-cover\" style=\"visibility: hidden;;background-color: #333333;background-image: url(https:\/\/leamber.eu\/wp-content\/uploads\/2016\/07\/cropped-image1-2-1.jpg)\" >\n\t\t\t\t\t<div class=\"sow-slider-image-container\">\n\t\t\t<div class=\"sow-slider-image-wrapper\">\n\t\t\t\t<div class=\"hero-banner-text-container\">\n<h2 class=\"hero-banner-title\">Le'Amber Consortium<\/h2>\n<p class=\"hero-banner-text\"><a href=\"#latest-news\"><i class=\"fa fa-angle-double-down\"><\/i><\/a><\/p>\n\n\n<\/div>\t\t\t<\/div>\n\t\t<\/div>\n\t\t\t\t<\/li>\n\t\t\t\t<li class=\"sow-slider-image  sow-slider-image-cover\" style=\"visibility: hidden;;background-color: #333333;background-image: url(https:\/\/leamber.eu\/wp-content\/uploads\/2016\/07\/image2-3.jpg)\" >\n\t\t\t\t\t<div class=\"sow-slider-image-container\">\n\t\t\t<div class=\"sow-slider-image-wrapper\">\n\t\t\t\t<div class=\"hero-banner-text-container\">\n<h2 class=\"hero-banner-title\">Le'Amber Consortium<\/h2>\n<p class=\"hero-banner-text\"><a href=\"#latest-news\"><i class=\"fa fa-angle-double-down\"><\/i><\/a><\/p>\n\n\n<\/div>\t\t\t<\/div>\n\t\t<\/div>\n\t\t\t\t<\/li>\n\t\t\t\t<li class=\"sow-slider-image  sow-slider-image-cover\" style=\"visibility: hidden;;background-color: #333333;background-image: url(https:\/\/leamber.eu\/wp-content\/uploads\/2016\/07\/image4.jpg)\" >\n\t\t\t\t\t<div class=\"sow-slider-image-container\">\n\t\t\t<div class=\"sow-slider-image-wrapper\">\n\t\t\t\t<div class=\"hero-banner-text-container\">\n<h2 class=\"hero-banner-title\">Le'Amber Consortium<\/h2>\n<p class=\"hero-banner-text\"><a href=\"#latest-news\"><i class=\"fa fa-angle-double-down\"><\/i><\/a><\/p>\n\n\n<\/div>\t\t\t<\/div>\n\t\t<\/div>\n\t\t\t\t<\/li>\n\t\t<\/ul>\t\t\t\t<ol class=\"sow-slider-pagination\">\n\t\t\t\t\t\t\t\t\t\t\t<li><a href=\"#\" data-goto=\"0\" aria-label=\"display slide 1\"><\/a><\/li>\n\t\t\t\t\t\t\t\t\t\t\t<li><a href=\"#\" data-goto=\"1\" aria-label=\"display slide 2\"><\/a><\/li>\n\t\t\t\t\t\t\t\t\t\t\t<li><a href=\"#\" data-goto=\"2\" aria-label=\"display slide 3\"><\/a><\/li>\n\t\t\t\t\t\t\t\t\t\t\t<li><a href=\"#\" data-goto=\"3\" aria-label=\"display slide 4\"><\/a><\/li>\n\t\t\t\t\t\t\t\t\t<\/ol>\n\n\t\t\t\t<div class=\"sow-slide-nav sow-slide-nav-next\">\n\t\t\t\t\t<a href=\"#\" data-goto=\"next\" aria-label=\"next slide\" data-action=\"next\">\n\t\t\t\t\t\t<em class=\"sow-sld-icon-thin-right\"><\/em>\n\t\t\t\t\t<\/a>\n\t\t\t\t<\/div>\n\n\t\t\t\t<div class=\"sow-slide-nav sow-slide-nav-prev\">\n\t\t\t\t\t<a href=\"#\" data-goto=\"previous\" aria-label=\"previous slide\" data-action=\"prev\">\n\t\t\t\t\t\t<em class=\"sow-sld-icon-thin-left\"><\/em>\n\t\t\t\t\t<\/a>\n\t\t\t\t<\/div>\n\t\t\t\t<\/div><\/div><\/div><\/div><\/div><\/div><div id=\"pg-68-1\"  class=\"panel-grid panel-has-style\" ><div class=\"about-home-container siteorigin-panels-stretch panel-row-style-full-width panel-row-style panel-row-style-for-68-1\" data-stretch-type=\"full\" ><div id=\"pgc-68-1-0\"  class=\"panel-grid-cell\" ><div id=\"panel-68-1-0-0\" class=\"so-panel widget widget_text panel-first-child panel-last-child\" data-index=\"1\" ><div class=\"panel-widget-style panel-widget-style-for-68-1-0-0\" ><h3 class=\"widget-title\">ASOCIACIJA \u201cLE\u2019AMBER CONSORTIUM\u201d<\/h3>\t\t\t<div class=\"textwidget\"><p>\u201cLe\u2019amber consortium\u201d asociacija, \u012fsteigta 2016 metais, tai pirmoji ir vienintel\u0117 asociacija pasaulyje,\u00a0vienijanti gintaro gamini\u0173 gamybos \u012fmones, gintaro \u017ealiavos pardavimo ir platinimo kompanijas visame pasaulyje. Vienas i\u0161 m\u016bs\u0173 tiksl\u0173 yra kurti palanki\u0105 aplink\u0105 verslui, pritraukti investicij\u0173, skatinti prekyb\u0105 tarptautin\u0117je rinkoje, esam atsakingi prie\u0161 visus savo narius, partnerius, tod\u0117l atsakingai priimame sprendimus, kurie skirti verslo aplinkai gerinti, bei u\u017etikrinti laisv\u0105 ir s\u0105\u017eining\u0105 konkurencij\u0105. Mes \u017einome rink\u0105, \u017einom asociacijos nari\u0173 poreikius ir si\u016blome jiems naudingus sprendimus, kurie yra paremti geriausi\u0173 rinkos ekspert\u0173 si\u016blymais.<\/p>\n<p>Asociacija \u201eLe'amber Consortium\u201c veikia vadovaudamasi Lietuvos Respublikos Konstitucija, civiliniu kodeksu, asociacij\u0173 \u012fstatymu, kitais \u012fstatymais, Vyriausyb\u0117s nutarimais, savo \u012fstatais ir kongreso bei direktori\u0173 tarybos nutarimais. Asociacija \u012fgyja civilines teises, prisiima civilines pareigas ir jas \u012fgyvendina per savo valdymo organus. Pagal savo prievoles Asociacija atsako visu savo turtu ir neatsako u\u017e jos nari\u0173 prisiimtus \u012fsipareigojimus. Asociacija turi teis\u0119 vykdyti \u012fstatym\u0173 nedraud\u017eiam\u0105 \u016bkin\u0119 komercin\u0119 veikl\u0105, kuri neprie\u0161tarauja jos \u012fstatams bei veiklos tikslams. Asociacija gauto pelno negali skirstyti savo nariams.<\/p>\n<p>Asociacija pagrindis tikslas - sudaryti jos nariams kuo palankesnes s\u0105lygas savaranki\u0161kai vystyti ir pl\u0117toti gintaro gavyb\u0105, gamyb\u0105 bei prekyb\u0105.<\/p>\n<p>Pagrindiniai asociacijos u\u017edaviniai:<br \/>\nsiekti gintaro gavybos, gamybos bei prekybos verslo s\u0105lyg\u0173 ir asociacijos nari\u0173 veiklos efektyvumo gerinimo<br \/>\nteikti asociacijos nariams pagalb\u0105 ir kitas paslaugas, vykdant gintaro gavyb\u0105, gamyb\u0105 bei prekyb\u0105<br \/>\nr\u016bpintis asociacijos ir jos nari\u0173 rinkodara, nauj\u0173 rink\u0173 paie\u0161ka<br \/>\natstovauti asociacijos narius santykiuose su valstybin\u0117s vald\u017eios institucijomis, tarptautin\u0117mis ir kitomis organizacijomis bei asmenimis.<\/p>\n<p>Kod\u0117l naudinga tapti asociacijos nariu:<br \/>\natstovauja ir gina savo nari\u0173 teises ir teis\u0117tus interesus santykiuose su valstybin\u0117s vald\u017eios ir valdymo organais, savivaldyb\u0117mis bei tarptautin\u0117mis organizacijomis visais su gintaro gavyba, gamyba bei prekyba susijusiais klausimais;<br \/>\nderina savo nari\u0173 veikl\u0105, formuojant bendr\u0105 j\u0173 vystymosi ir tarptautinio ekonominio bendradarbiavimo strategij\u0105;<br \/>\nteikia konsultacijas, informacij\u0105 ir paslaugas savo nariams visais gintaro gavybos, gamybos bei prekybos klausimais;<br \/>\natstovauja savo nariams parodose, konferencijose ir kituose renginiuose, kurie yra susij\u0119 su asociacijos veikla;<br \/>\nrengia seminarus, ruo\u0161ia metodinius nurodymus, informacinius biuletenius, reklaminius prospektus, kitus leidinius asociacijos ir jos nari\u0173 veiklos klausimais;<br \/>\nrenka ir kaupia informacij\u0105 apie gintaro gavyb\u0105, gamyb\u0105 bei prekyb\u0105, taip pat j\u0173 s\u0105lygas ir tvark\u0105 pasaulyje bei informuoja apie tai asociacijos narius;<br \/>\natlieka kitas funkcijas, kurios neprie\u0161tarauja asociacijos veiklos principams ir \u0161iems \u012fstatams.<\/p>\n<\/div>\n\t\t<\/div><\/div><\/div><\/div><\/div><div id=\"pg-68-2\"  class=\"panel-grid panel-has-style\" ><div class=\"siteorigin-panels-stretch panel-row-style-full-width panel-row-style panel-row-style-for-68-2\" id=\"latest-news\" data-stretch-type=\"full\" ><div id=\"pgc-68-2-0\"  class=\"panel-grid-cell\" ><div id=\"panel-68-2-0-0\" class=\"so-panel widget widget_restaurantz_latest_news panel-first-child panel-last-child\" data-index=\"2\" ><div class=\"panel-widget-style panel-widget-style-for-68-2-0-0\" ><div\n\t\t\t\n\t\t\tclass=\"so-widget-restaurantz_latest_news so-widget-restaurantz_latest_news-default-d75171398898-68\"\n\t\t\t\n\t\t>\t<h3 class=\"widget-title\">Latest news<\/h3>\n  \t\n  \t<div class=\"latest-news-widget latest-news-col-3\">\n\n  \t\t<div class=\"inner-wrapper\">\n\n  \t\t\t  \t\t\t\t\n  \t\t\t\t<div class=\"latest-news-item\">\n\n  \t\t\t\t\t  \t\t\t\t\t\t<div class=\"latest-news-thumb\">\n  \t\t\t\t\t\t\t<a href=\"https:\/\/leamber.eu\/zh\/tarptautine-kinijos-importo-paroda-ciie-2018-2\/\">\n  \t\t\t\t\t\t\t\t<img loading=\"lazy\" decoding=\"async\" width=\"150\" height=\"150\" src=\"https:\/\/leamber.eu\/wp-content\/uploads\/2018\/12\/featured-china-import-i-expo-square-150x150.jpg\" class=\"aligncenter wp-post-image\" alt=\"\" \/>  \t\t\t\t\t\t\t<\/a>\n  \t\t\t\t\t\t<\/div><!-- .latest-news-thumb -->\n  \t\t\t\t\t  \t\t\t\t\t<div class=\"latest-news-text-wrap\">\n  \t\t\t\t\t\t<h3 class=\"latest-news-title\">\n  \t\t\t\t\t\t\t<a href=\"https:\/\/leamber.eu\/zh\/tarptautine-kinijos-importo-paroda-ciie-2018-2\/\" title=\"\u4e2d\u56fd\u56fd\u9645\u8fdb\u53e3\u535a\u89c8\u4f1a\uff08CIIE-2018\uff09\">\u4e2d\u56fd\u56fd\u9645\u8fdb\u53e3\u535a\u89c8\u4f1a\uff08CIIE-2018\uff09<\/a>\n  \t\t\t\t\t\t<\/h3><!-- .latest-news-title -->\n\n  \t\t\t\t\t\t\n  \t\t\t\t\t\t  \t\t\t\t\t\t  \t\t\t\t\t<\/div><!-- .latest-news-text-wrap -->\n\n  \t\t\t\t<\/div><!-- .latest-news-item -->\n\n  \t\t\t  \t\t\t\t\n  \t\t\t\t<div class=\"latest-news-item\">\n\n  \t\t\t\t\t  \t\t\t\t\t\t<div class=\"latest-news-thumb\">\n  \t\t\t\t\t\t\t<a href=\"https:\/\/leamber.eu\/zh\/apibendrinamoji-isvada-yra-ta-kad-del-pirmiau-isvardytu-priezasciu-pasauline-gintaro-pramone-pereina-i-nauja-ekonomine-stadija-recesijos-stadija-o-ji-gali-peraugti-i-gilia-pasauline-k\/\">\n  \t\t\t\t\t\t\t\t<img loading=\"lazy\" decoding=\"async\" width=\"150\" height=\"150\" src=\"https:\/\/leamber.eu\/wp-content\/uploads\/2018\/10\/tituline-foto-150x150.jpg\" class=\"aligncenter wp-post-image\" alt=\"\" \/>  \t\t\t\t\t\t\t<\/a>\n  \t\t\t\t\t\t<\/div><!-- .latest-news-thumb -->\n  \t\t\t\t\t  \t\t\t\t\t<div class=\"latest-news-text-wrap\">\n  \t\t\t\t\t\t<h3 class=\"latest-news-title\">\n  \t\t\t\t\t\t\t<a href=\"https:\/\/leamber.eu\/zh\/apibendrinamoji-isvada-yra-ta-kad-del-pirmiau-isvardytu-priezasciu-pasauline-gintaro-pramone-pereina-i-nauja-ekonomine-stadija-recesijos-stadija-o-ji-gali-peraugti-i-gilia-pasauline-k\/\" title=\"\u7531\u6b64\u53ef\u89c1\uff0c\u57fa\u4e8e\u4e0a\u8ff0\u539f\u56e0\uff0c\u56fd\u9645\u7425\u73c0\u884c\u4e1a\u6b63\u8fdb\u5165\u4e00\u4e2a\u65b0\u7684\u7ecf\u6d4e\u9636\u6bb5\u2014\u2014\u8870\u9000\u9636\u6bb5\uff0c\u8fd9\u53ef\u80fd\u4f1a\u5bfc\u81f4\u4e25\u91cd\u7684\u56fd\u9645\u5371\u673a\u3002\">\u7531\u6b64\u53ef\u89c1\uff0c\u57fa\u4e8e\u4e0a\u8ff0\u539f\u56e0\uff0c\u56fd\u9645\u7425\u73c0\u884c\u4e1a\u6b63\u8fdb\u5165\u4e00\u4e2a\u65b0\u7684\u7ecf\u6d4e\u9636\u6bb5\u2014\u2014\u8870\u9000\u9636\u6bb5\uff0c\u8fd9\u53ef\u80fd\u4f1a\u5bfc\u81f4\u4e25\u91cd\u7684\u56fd\u9645\u5371\u673a\u3002<\/a>\n  \t\t\t\t\t\t<\/h3><!-- .latest-news-title -->\n\n  \t\t\t\t\t\t\n  \t\t\t\t\t\t  \t\t\t\t\t\t  \t\t\t\t\t<\/div><!-- .latest-news-text-wrap -->\n\n  \t\t\t\t<\/div><!-- .latest-news-item -->\n\n  \t\t\t  \t\t\t\t\n  \t\t\t\t<div class=\"latest-news-item\">\n\n  \t\t\t\t\t  \t\t\t\t\t\t<div class=\"latest-news-thumb\">\n  \t\t\t\t\t\t\t<a href=\"https:\/\/leamber.eu\/zh\/gintaro-rinkos-apzvalga-2018-metu-pradziai\/\">\n  \t\t\t\t\t\t\t\t<img loading=\"lazy\" decoding=\"async\" width=\"150\" height=\"150\" src=\"https:\/\/leamber.eu\/wp-content\/uploads\/2018\/04\/review2018-main-150x150.jpg\" class=\"aligncenter wp-post-image\" alt=\"\" \/>  \t\t\t\t\t\t\t<\/a>\n  \t\t\t\t\t\t<\/div><!-- .latest-news-thumb -->\n  \t\t\t\t\t  \t\t\t\t\t<div class=\"latest-news-text-wrap\">\n  \t\t\t\t\t\t<h3 class=\"latest-news-title\">\n  \t\t\t\t\t\t\t<a href=\"https:\/\/leamber.eu\/zh\/gintaro-rinkos-apzvalga-2018-metu-pradziai\/\" title=\"2018\u5e74\u521d\u7425\u73c0\u5e02\u573a\u56de\u987e\">2018\u5e74\u521d\u7425\u73c0\u5e02\u573a\u56de\u987e<\/a>\n  \t\t\t\t\t\t<\/h3><!-- .latest-news-title -->\n\n  \t\t\t\t\t\t\n  \t\t\t\t\t\t  \t\t\t\t\t\t  \t\t\t\t\t<\/div><!-- .latest-news-text-wrap -->\n\n  \t\t\t\t<\/div><!-- .latest-news-item -->\n\n  \t\t\t  \t\t\t\t\n  \t\t\t\t<div class=\"latest-news-item\">\n\n  \t\t\t\t\t  \t\t\t\t\t\t<div class=\"latest-news-thumb\">\n  \t\t\t\t\t\t\t<a href=\"https:\/\/leamber.eu\/zh\/association-le-amber-consortium-and-shanghai-gemsjade-exchange-announced-about-strategic-cooperation\/\">\n  \t\t\t\t\t\t\t\t<img loading=\"lazy\" decoding=\"async\" width=\"150\" height=\"150\" src=\"https:\/\/leamber.eu\/wp-content\/uploads\/2018\/03\/shanghai-gems-jade-exchange-1-150x150.jpg\" class=\"aligncenter wp-post-image\" alt=\"\" \/>  \t\t\t\t\t\t\t<\/a>\n  \t\t\t\t\t\t<\/div><!-- .latest-news-thumb -->\n  \t\t\t\t\t  \t\t\t\t\t<div class=\"latest-news-text-wrap\">\n  \t\t\t\t\t\t<h3 class=\"latest-news-title\">\n  \t\t\t\t\t\t\t<a href=\"https:\/\/leamber.eu\/zh\/association-le-amber-consortium-and-shanghai-gemsjade-exchange-announced-about-strategic-cooperation\/\" title=\"\u56fd\u9645\u7425\u73c0\u8054\u76df\u5ba3\u5e03\u4e0e\u4e0a\u6d77\u5b9d\u7389\u77f3\u4ea4\u6613\u4e2d\u5fc3\u5f00\u5c55\u6218\u7565\u5408\u4f5c\">\u56fd\u9645\u7425\u73c0\u8054\u76df\u5ba3\u5e03\u4e0e\u4e0a\u6d77\u5b9d\u7389\u77f3\u4ea4\u6613\u4e2d\u5fc3\u5f00\u5c55\u6218\u7565\u5408\u4f5c<\/a>\n  \t\t\t\t\t\t<\/h3><!-- .latest-news-title -->\n\n  \t\t\t\t\t\t\n  \t\t\t\t\t\t  \t\t\t\t\t\t  \t\t\t\t\t<\/div><!-- .latest-news-text-wrap -->\n\n  \t\t\t\t<\/div><!-- .latest-news-item -->\n\n  \t\t\t  \t\t\t\t\n  \t\t\t\t<div class=\"latest-news-item\">\n\n  \t\t\t\t\t  \t\t\t\t\t\t<div class=\"latest-news-thumb\">\n  \t\t\t\t\t\t\t<a href=\"https:\/\/leamber.eu\/zh\/flow-of-contraband-amber-to-china-continues\/\">\n  \t\t\t\t\t\t\t\t<img loading=\"lazy\" decoding=\"async\" width=\"150\" height=\"150\" src=\"https:\/\/leamber.eu\/wp-content\/uploads\/2018\/01\/ukrainian-raw-amber-150x150.jpg\" class=\"aligncenter wp-post-image\" alt=\"Ukrainian raw amber\" \/>  \t\t\t\t\t\t\t<\/a>\n  \t\t\t\t\t\t<\/div><!-- .latest-news-thumb -->\n  \t\t\t\t\t  \t\t\t\t\t<div class=\"latest-news-text-wrap\">\n  \t\t\t\t\t\t<h3 class=\"latest-news-title\">\n  \t\t\t\t\t\t\t<a href=\"https:\/\/leamber.eu\/zh\/flow-of-contraband-amber-to-china-continues\/\" title=\"\u7425\u73c0\u8d70\u79c1\u4e4b\u98ce\u5411\u4e2d\u56fd\u8513\u5ef6\">\u7425\u73c0\u8d70\u79c1\u4e4b\u98ce\u5411\u4e2d\u56fd\u8513\u5ef6<\/a>\n  \t\t\t\t\t\t<\/h3><!-- .latest-news-title -->\n\n  \t\t\t\t\t\t\n  \t\t\t\t\t\t  \t\t\t\t\t\t  \t\t\t\t\t<\/div><!-- .latest-news-text-wrap -->\n\n  \t\t\t\t<\/div><!-- .latest-news-item -->\n\n  \t\t\t  \t\t\t\t\n  \t\t\t\t<div class=\"latest-news-item\">\n\n  \t\t\t\t\t  \t\t\t\t\t\t<div class=\"latest-news-thumb\">\n  \t\t\t\t\t\t\t<a href=\"https:\/\/leamber.eu\/zh\/informuojame-jog-s-m-rugpjucio-men-7-8-dienomis-sanchajuje-organizuojamas-le-amber-consortium-direktoriu-tarybos-posedis-%d0%b8%d0%bd%d1%84%d0%be%d1%80%d0%bc%d0%b8%d1%80%d1%83%d0%b5%d0%bc-%d1%87\/\">\n  \t\t\t\t\t\t\t\t<img loading=\"lazy\" decoding=\"async\" width=\"150\" height=\"150\" src=\"https:\/\/leamber.eu\/wp-content\/uploads\/2017\/07\/chinese-cities-sinking-2-150x150.jpg\" class=\"aligncenter wp-post-image\" alt=\"\" \/>  \t\t\t\t\t\t\t<\/a>\n  \t\t\t\t\t\t<\/div><!-- .latest-news-thumb -->\n  \t\t\t\t\t  \t\t\t\t\t<div class=\"latest-news-text-wrap\">\n  \t\t\t\t\t\t<h3 class=\"latest-news-title\">\n  \t\t\t\t\t\t\t<a href=\"https:\/\/leamber.eu\/zh\/informuojame-jog-s-m-rugpjucio-men-7-8-dienomis-sanchajuje-organizuojamas-le-amber-consortium-direktoriu-tarybos-posedis-%d0%b8%d0%bd%d1%84%d0%be%d1%80%d0%bc%d0%b8%d1%80%d1%83%d0%b5%d0%bc-%d1%87\/\" title=\"\u6211\u4eec\u5728\u6b64\u5ba3\u5e03\uff0c\u7425\u73c0\u8054\u76df\u884c\u653f\u4f1a\u8bae\u5c06\u4e8e2017\u5e748\u67087-8\u65e5\u5728\u4e0a\u6d77\u4e3e\u884c\u3002\">\u6211\u4eec\u5728\u6b64\u5ba3\u5e03\uff0c\u7425\u73c0\u8054\u76df\u884c\u653f\u4f1a\u8bae\u5c06\u4e8e2017\u5e748\u67087-8\u65e5\u5728\u4e0a\u6d77\u4e3e\u884c\u3002<\/a>\n  \t\t\t\t\t\t<\/h3><!-- .latest-news-title -->\n\n  \t\t\t\t\t\t\n  \t\t\t\t\t\t  \t\t\t\t\t\t  \t\t\t\t\t<\/div><!-- .latest-news-text-wrap -->\n\n  \t\t\t\t<\/div><!-- .latest-news-item -->\n\n  \t\t\t  \t\t\t\t\n  \t\t\t\t<div class=\"latest-news-item\">\n\n  \t\t\t\t\t  \t\t\t\t\t\t<div class=\"latest-news-thumb\">\n  \t\t\t\t\t\t\t<a href=\"https:\/\/leamber.eu\/zh\/gintaro-zaliava-is-rusijos-yra-padeta-ant-kinu-turgaus-lentynu-imk-nereikia-%d1%80%d0%be%d1%81%d1%81%d0%b8%d0%b9%d1%81%d0%ba%d0%be%d0%b5-%d1%8f%d0%bd%d1%82%d0%b0%d1%80%d0%bd%d0%be%d0%b5\/\">\n  \t\t\t\t\t\t\t\t<img loading=\"lazy\" decoding=\"async\" width=\"150\" height=\"150\" src=\"https:\/\/leamber.eu\/wp-content\/uploads\/2017\/07\/IMG_5966-1-150x150.jpg\" class=\"aligncenter wp-post-image\" alt=\"\" \/>  \t\t\t\t\t\t\t<\/a>\n  \t\t\t\t\t\t<\/div><!-- .latest-news-thumb -->\n  \t\t\t\t\t  \t\t\t\t\t<div class=\"latest-news-text-wrap\">\n  \t\t\t\t\t\t<h3 class=\"latest-news-title\">\n  \t\t\t\t\t\t\t<a href=\"https:\/\/leamber.eu\/zh\/gintaro-zaliava-is-rusijos-yra-padeta-ant-kinu-turgaus-lentynu-imk-nereikia-%d1%80%d0%be%d1%81%d1%81%d0%b8%d0%b9%d1%81%d0%ba%d0%be%d0%b5-%d1%8f%d0%bd%d1%82%d0%b0%d1%80%d0%bd%d0%be%d0%b5\/\" title=\"\u4fc4\u7f57\u65af\u7684\u7425\u73c0\u539f\u6599\u5df2\u8fdb\u5165\u4e2d\u56fd\u5e02\u573a\uff01\">\u4fc4\u7f57\u65af\u7684\u7425\u73c0\u539f\u6599\u5df2\u8fdb\u5165\u4e2d\u56fd\u5e02\u573a\uff01<\/a>\n  \t\t\t\t\t\t<\/h3><!-- .latest-news-title -->\n\n  \t\t\t\t\t\t\n  \t\t\t\t\t\t  \t\t\t\t\t\t  \t\t\t\t\t<\/div><!-- .latest-news-text-wrap -->\n\n  \t\t\t\t<\/div><!-- .latest-news-item -->\n\n  \t\t\t  \t\t\t\t\n  \t\t\t\t<div class=\"latest-news-item\">\n\n  \t\t\t\t\t  \t\t\t\t\t\t<div class=\"latest-news-thumb\">\n  \t\t\t\t\t\t\t<a href=\"https:\/\/leamber.eu\/zh\/raw-amber-reaches-china\/\">\n  \t\t\t\t\t\t\t\t<img loading=\"lazy\" decoding=\"async\" width=\"150\" height=\"150\" src=\"https:\/\/leamber.eu\/wp-content\/uploads\/2017\/05\/raw-amber-material-150x150.png\" class=\"aligncenter wp-post-image\" alt=\"Raw amber material\" \/>  \t\t\t\t\t\t\t<\/a>\n  \t\t\t\t\t\t<\/div><!-- .latest-news-thumb -->\n  \t\t\t\t\t  \t\t\t\t\t<div class=\"latest-news-text-wrap\">\n  \t\t\t\t\t\t<h3 class=\"latest-news-title\">\n  \t\t\t\t\t\t\t<a href=\"https:\/\/leamber.eu\/zh\/raw-amber-reaches-china\/\" title=\"\u7425\u73c0\u539f\u6599\u6765\u5230\u4e2d\u56fd\">\u7425\u73c0\u539f\u6599\u6765\u5230\u4e2d\u56fd<\/a>\n  \t\t\t\t\t\t<\/h3><!-- .latest-news-title -->\n\n  \t\t\t\t\t\t\n  \t\t\t\t\t\t  \t\t\t\t\t\t  \t\t\t\t\t<\/div><!-- .latest-news-text-wrap -->\n\n  \t\t\t\t<\/div><!-- .latest-news-item -->\n\n  \t\t\t  \t\t\t\t\n  \t\t\t\t<div class=\"latest-news-item\">\n\n  \t\t\t\t\t  \t\t\t\t\t\t<div class=\"latest-news-thumb\">\n  \t\t\t\t\t\t\t<a href=\"https:\/\/leamber.eu\/zh\/tripartite-agreement\/\">\n  \t\t\t\t\t\t\t\t<img loading=\"lazy\" decoding=\"async\" width=\"150\" height=\"150\" src=\"https:\/\/leamber.eu\/wp-content\/uploads\/2017\/03\/trisale-2-150x150.png\" class=\"aligncenter wp-post-image\" alt=\"\" \/>  \t\t\t\t\t\t\t<\/a>\n  \t\t\t\t\t\t<\/div><!-- .latest-news-thumb -->\n  \t\t\t\t\t  \t\t\t\t\t<div class=\"latest-news-text-wrap\">\n  \t\t\t\t\t\t<h3 class=\"latest-news-title\">\n  \t\t\t\t\t\t\t<a href=\"https:\/\/leamber.eu\/zh\/tripartite-agreement\/\" title=\"Tripartite agreement\">Tripartite agreement<\/a>\n  \t\t\t\t\t\t<\/h3><!-- .latest-news-title -->\n\n  \t\t\t\t\t\t\n  \t\t\t\t\t\t  \t\t\t\t\t\t  \t\t\t\t\t<\/div><!-- .latest-news-text-wrap -->\n\n  \t\t\t\t<\/div><!-- .latest-news-item -->\n\n  \t\t\t  \t\t\t\t\n  \t\t\t\t<div class=\"latest-news-item\">\n\n  \t\t\t\t\t  \t\t\t\t\t\t<div class=\"latest-news-thumb\">\n  \t\t\t\t\t\t\t<a href=\"https:\/\/leamber.eu\/zh\/stagnation-in-precious-stone-market\/\">\n  \t\t\t\t\t\t\t\t<img loading=\"lazy\" decoding=\"async\" width=\"150\" height=\"150\" src=\"https:\/\/leamber.eu\/wp-content\/uploads\/2016\/09\/le-amber-3-150x150.jpg\" class=\"aligncenter wp-post-image\" alt=\"\" \/>  \t\t\t\t\t\t\t<\/a>\n  \t\t\t\t\t\t<\/div><!-- .latest-news-thumb -->\n  \t\t\t\t\t  \t\t\t\t\t<div class=\"latest-news-text-wrap\">\n  \t\t\t\t\t\t<h3 class=\"latest-news-title\">\n  \t\t\t\t\t\t\t<a href=\"https:\/\/leamber.eu\/zh\/stagnation-in-precious-stone-market\/\" title=\"\u5b9d\u77f3\u5e02\u573a\u4e0d\u666f\u6c14\">\u5b9d\u77f3\u5e02\u573a\u4e0d\u666f\u6c14<\/a>\n  \t\t\t\t\t\t<\/h3><!-- .latest-news-title -->\n\n  \t\t\t\t\t\t\n  \t\t\t\t\t\t  \t\t\t\t\t\t  \t\t\t\t\t<\/div><!-- .latest-news-text-wrap -->\n\n  \t\t\t\t<\/div><!-- .latest-news-item -->\n\n  \t\t\t  \t\t\t\t\n  \t\t\t\t<div class=\"latest-news-item\">\n\n  \t\t\t\t\t  \t\t\t\t\t\t<div class=\"latest-news-thumb\">\n  \t\t\t\t\t\t\t<a href=\"https:\/\/leamber.eu\/zh\/bejing-trade-show\/\">\n  \t\t\t\t\t\t\t\t<img loading=\"lazy\" decoding=\"async\" width=\"150\" height=\"150\" src=\"https:\/\/leamber.eu\/wp-content\/uploads\/2016\/09\/antra-150x150.jpg\" class=\"aligncenter wp-post-image\" alt=\"\" \/>  \t\t\t\t\t\t\t<\/a>\n  \t\t\t\t\t\t<\/div><!-- .latest-news-thumb -->\n  \t\t\t\t\t  \t\t\t\t\t<div class=\"latest-news-text-wrap\">\n  \t\t\t\t\t\t<h3 class=\"latest-news-title\">\n  \t\t\t\t\t\t\t<a href=\"https:\/\/leamber.eu\/zh\/bejing-trade-show\/\" title=\"\u201c\u7425\u73c0\u8054\u76df\u201d\u534f\u4f1a\u6b63\u51c6\u5907\u5728\u5317\u4eac\u5f00\u5c55\u89c8\">\u201c\u7425\u73c0\u8054\u76df\u201d\u534f\u4f1a\u6b63\u51c6\u5907\u5728\u5317\u4eac\u5f00\u5c55\u89c8<\/a>\n  \t\t\t\t\t\t<\/h3><!-- .latest-news-title -->\n\n  \t\t\t\t\t\t\n  \t\t\t\t\t\t  \t\t\t\t\t\t  \t\t\t\t\t<\/div><!-- .latest-news-text-wrap -->\n\n  \t\t\t\t<\/div><!-- .latest-news-item -->\n\n  \t\t\t  \t\t\t\t\n  \t\t\t\t<div class=\"latest-news-item\">\n\n  \t\t\t\t\t  \t\t\t\t\t\t<div class=\"latest-news-thumb\">\n  \t\t\t\t\t\t\t<a href=\"https:\/\/leamber.eu\/zh\/leamber-constortium-retail-chain\/\">\n  \t\t\t\t\t\t\t\t<img loading=\"lazy\" decoding=\"async\" width=\"150\" height=\"150\" src=\"https:\/\/leamber.eu\/wp-content\/uploads\/2016\/10\/IMG_4673-2-150x150.jpg\" class=\"aligncenter wp-post-image\" alt=\"\" \/>  \t\t\t\t\t\t\t<\/a>\n  \t\t\t\t\t\t<\/div><!-- .latest-news-thumb -->\n  \t\t\t\t\t  \t\t\t\t\t<div class=\"latest-news-text-wrap\">\n  \t\t\t\t\t\t<h3 class=\"latest-news-title\">\n  \t\t\t\t\t\t\t<a href=\"https:\/\/leamber.eu\/zh\/leamber-constortium-retail-chain\/\" title=\"\u201c\u7425\u73c0\u8054\u76df\u201d\u96f6\u552e\u8fde\u9501\">\u201c\u7425\u73c0\u8054\u76df\u201d\u96f6\u552e\u8fde\u9501<\/a>\n  \t\t\t\t\t\t<\/h3><!-- .latest-news-title -->\n\n  \t\t\t\t\t\t\n  \t\t\t\t\t\t  \t\t\t\t\t\t  \t\t\t\t\t<\/div><!-- .latest-news-text-wrap -->\n\n  \t\t\t\t<\/div><!-- .latest-news-item -->\n\n  \t\t\t\n  \t\t<\/div><!-- .row -->\n\n  \t<\/div><!-- .latest-news-widget -->\n\n  \t\n<\/div><\/div><\/div><\/div><\/div><\/div><\/div>","protected":false},"excerpt":{"rendered":"<p>ASOCIACIJA \u201cLE\u2019AMBER CONSORTIUM\u201d \u201cLe\u2019amber consortium\u201d asociacija, \u012fsteigta 2016 metais, tai pirmoji ir vienintel\u0117 asociacija pasaulyje,\u00a0vienijanti gintaro gamini\u0173 gamybos \u012fmones, gintaro \u017ealiavos pardavimo ir platinimo kompanijas visame pasaulyje. Vienas i\u0161 m\u016bs\u0173 tiksl\u0173 yra kurti palanki\u0105 aplink\u0105 verslui, pritraukti investicij\u0173, skatinti prekyb\u0105 tarptautin\u0117je rinkoje, esam atsakingi prie\u0161 visus savo narius, partnerius, tod\u0117l atsakingai priimame sprendimus, kurie skirti <a href=\"https:\/\/leamber.eu\/zh\/leamber-constortium-retail-chain\/\" class=\"more-link\"><\/a><\/p>\n","protected":false},"author":1,"featured_media":0,"parent":0,"menu_order":0,"comment_status":"closed","ping_status":"closed","template":"templates\/home-page.php","meta":{"footnotes":""},"class_list":["post-68","page","type-page","status-publish","hentry"],"translation":{"provider":"WPGlobus","version":"2.12.2","language":"zh","enabled_languages":["en","lt","ru","zh"],"languages":{"en":{"title":true,"content":true,"excerpt":false},"lt":{"title":true,"content":false,"excerpt":false},"ru":{"title":true,"content":false,"excerpt":false},"zh":{"title":false,"content":false,"excerpt":false}}},"_links":{"self":[{"href":"https:\/\/leamber.eu\/zh\/wp-json\/wp\/v2\/pages\/68","targetHints":{"allow":["GET"]}}],"collection":[{"href":"https:\/\/leamber.eu\/zh\/wp-json\/wp\/v2\/pages"}],"about":[{"href":"https:\/\/leamber.eu\/zh\/wp-json\/wp\/v2\/types\/page"}],"author":[{"embeddable":true,"href":"https:\/\/leamber.eu\/zh\/wp-json\/wp\/v2\/users\/1"}],"replies":[{"embeddable":true,"href":"https:\/\/leamber.eu\/zh\/wp-json\/wp\/v2\/comments?post=68"}],"version-history":[{"count":44,"href":"https:\/\/leamber.eu\/zh\/wp-json\/wp\/v2\/pages\/68\/revisions"}],"predecessor-version":[{"id":974,"href":"https:\/\/leamber.eu\/zh\/wp-json\/wp\/v2\/pages\/68\/revisions\/974"}],"wp:attachment":[{"href":"https:\/\/leamber.eu\/zh\/wp-json\/wp\/v2\/media?parent=68"}],"curies":[{"name":"wp","href":"https:\/\/api.w.org\/{rel}","templated":true}]}}